{"id":19,"date":"2019-05-11T00:04:28","date_gmt":"2019-05-10T22:04:28","guid":{"rendered":"http:\/\/www.videogrami.rs\/?page_id=19"},"modified":"2021-05-14T15:55:36","modified_gmt":"2021-05-14T13:55:36","slug":"kontakt","status":"publish","type":"page","link":"https:\/\/videogrami.rs\/?page_id=19","title":{"rendered":"Kontakt"},"content":{"rendered":"\n<div class=\"wpcf7 no-js\" id=\"wpcf7-f72-o1\" lang=\"sr-RS\" dir=\"ltr\">\n<div class=\"screen-reader-response\"><p role=\"status\" aria-live=\"polite\" aria-atomic=\"true\"><\/p> <ul><\/ul><\/div>\n<form action=\"\/index.php?rest_route=%2Fwp%2Fv2%2Fpages%2F19#wpcf7-f72-o1\" method=\"post\" class=\"wpcf7-form init\" aria-label=\"Contact form\" novalidate=\"novalidate\" data-status=\"init\">\n<div style=\"display: none;\">\n<input type=\"hidden\" name=\"_wpcf7\" value=\"72\" \/>\n<input type=\"hidden\" name=\"_wpcf7_version\" value=\"5.7.7\" \/>\n<input type=\"hidden\" name=\"_wpcf7_locale\" value=\"sr_RS\" \/>\n<input type=\"hidden\" name=\"_wpcf7_unit_tag\" value=\"wpcf7-f72-o1\" \/>\n<input type=\"hidden\" name=\"_wpcf7_container_post\" value=\"0\" \/>\n<input type=\"hidden\" name=\"_wpcf7_posted_data_hash\" value=\"\" \/>\n<\/div>\n<p><label> Va\u0161e ime<br \/>\n<span class=\"wpcf7-form-control-wrap\" data-name=\"your-name\"><input size=\"40\" class=\"wpcf7-form-control wpcf7-text wpcf7-validates-as-required\" aria-required=\"true\" aria-invalid=\"false\" value=\"\" type=\"text\" name=\"your-name\" \/><\/span> <\/label>\n<\/p>\n<p><label> Va\u0161 e-mail<br \/>\n<span class=\"wpcf7-form-control-wrap\" data-name=\"your-email\"><input size=\"40\" class=\"wpcf7-form-control wpcf7-text wpcf7-email wpcf7-validates-as-required wpcf7-validates-as-email\" aria-required=\"true\" aria-invalid=\"false\" value=\"\" type=\"email\" name=\"your-email\" \/><\/span> <\/label>\n<\/p>\n<p><label> Tema<br \/>\n<span class=\"wpcf7-form-control-wrap\" data-name=\"your-subject\"><input size=\"40\" class=\"wpcf7-form-control wpcf7-text wpcf7-validates-as-required\" aria-required=\"true\" aria-invalid=\"false\" value=\"\" type=\"text\" name=\"your-subject\" \/><\/span> <\/label>\n<\/p>\n<p><label> Poruka<br \/>\n<span class=\"wpcf7-form-control-wrap\" data-name=\"your-message\"><textarea cols=\"40\" rows=\"10\" class=\"wpcf7-form-control wpcf7-textarea\" aria-invalid=\"false\" name=\"your-message\"><\/textarea><\/span> <\/label>\n<\/p>\n<p><input class=\"wpcf7-form-control has-spinner wpcf7-submit\" type=\"submit\" value=\"\u0160alji\" \/>\n<\/p><div class=\"wpcf7-response-output\" aria-hidden=\"true\"><\/div>\n<\/form>\n<\/div>\n\n\n\n<p>Postanite \u010dlan Udru\u017eenja.<\/p>\n\n\n\n<p>UPV \u2013 Udru\u017eenje proizvo\u0111a\u010da videograma, Kralja Milutina 37\/4, 11000 Beograd<\/p>\n\n\n\n<p>tel. (+381) 011 \/ 36 40 702<\/p>\n\n\n\n<p>e- mail: proizvodjacivideograma@gmail.com<\/p>\n\n\n\n<p>Udru\u017eenje proizvo\u0111a\u010da videograma je osnovano radi zajedni\u010dkog<br>ostvarivanja ciljeva u oblasti audio video stvarala\u0161tva. \u010clanovi Udru\u017eenja imaju bogato radno iskustvo u oblasti audio vizuelnog stvarala\u0161tva.<\/p>\n\n\n\n<p>Velika stru\u010dnost i profesionalnost karakteri\u0161e \u010dlanove Udru\u017eenja .<\/p>\n\n\n\n<p>Audio video zapisi na\u0161ih \u010dlanova se svakodnevno emituju na svim programima tv stanica kako u zemlji , tako i u dijaspori.<\/p>\n\n\n\n<figure class=\"wp-block-image is-resized\"><img decoding=\"async\" loading=\"lazy\" src=\"http:\/\/www.videogrami.rs\/wp-content\/uploads\/2019\/05\/UPV-logo.jpg\" alt=\"\" class=\"wp-image-25\" width=\"610\" height=\"420\" srcset=\"https:\/\/videogrami.rs\/wp-content\/uploads\/2019\/05\/UPV-logo.jpg 582w, https:\/\/videogrami.rs\/wp-content\/uploads\/2019\/05\/UPV-logo-300x207.jpg 300w\" sizes=\"(max-width: 610px) 100vw, 610px\" \/><\/figure>\n","protected":false},"excerpt":{"rendered":"<p>Postanite \u010dlan Udru\u017eenja. UPV \u2013 Udru\u017eenje proizvo\u0111a\u010da videograma, Kralja Milutina 37\/4, 11000 Beograd tel. (+381) 011 \/ 36 40 702 e- mail: proizvodjacivideograma@gmail.com Udru\u017eenje proizvo\u0111a\u010da videograma je osnovano radi zajedni\u010dkogostvarivanja ciljeva u oblasti audio video stvarala\u0161tva. \u010clanovi Udru\u017eenja imaju bogato radno iskustvo u oblasti audio vizuelnog stvarala\u0161tva. Velika stru\u010dnost i profesionalnost karakteri\u0161e \u010dlanove Udru\u017eenja . [&hellip;]<\/p>\n","protected":false},"author":1,"featured_media":0,"parent":0,"menu_order":0,"comment_status":"closed","ping_status":"closed","template":"","meta":[],"_links":{"self":[{"href":"https:\/\/videogrami.rs\/index.php?rest_route=\/wp\/v2\/pages\/19"}],"collection":[{"href":"https:\/\/videogrami.rs\/index.php?rest_route=\/wp\/v2\/pages"}],"about":[{"href":"https:\/\/videogrami.rs\/index.php?rest_route=\/wp\/v2\/types\/page"}],"author":[{"embeddable":true,"href":"https:\/\/videogrami.rs\/index.php?rest_route=\/wp\/v2\/users\/1"}],"replies":[{"embeddable":true,"href":"https:\/\/videogrami.rs\/index.php?rest_route=%2Fwp%2Fv2%2Fcomments&post=19"}],"version-history":[{"count":5,"href":"https:\/\/videogrami.rs\/index.php?rest_route=\/wp\/v2\/pages\/19\/revisions"}],"predecessor-version":[{"id":73,"href":"https:\/\/videogrami.rs\/index.php?rest_route=\/wp\/v2\/pages\/19\/revisions\/73"}],"wp:attachment":[{"href":"https:\/\/videogrami.rs\/index.php?rest_route=%2Fwp%2Fv2%2Fmedia&parent=19"}],"curies":[{"name":"wp","href":"https:\/\/api.w.org\/{rel}","templated":true}]}}